{"id":2,"date":"2016-05-10T03:48:21","date_gmt":"2016-05-10T03:48:21","guid":{"rendered":"https:\/\/www.freundeskreis-fes.de\/?page_id=2"},"modified":"2025-06-09T19:41:06","modified_gmt":"2025-06-09T19:41:06","slug":"sample-page","status":"publish","type":"page","link":"https:\/\/www.freundeskreis-fes.de\/?page_id=2","title":{"rendered":"Verein"},"content":{"rendered":"\n<p><\/p>\n\n\n\n<p><strong>Zweck des gemeinn\u00fctzigen Freundeskreises ist die F\u00f6rderung der Bildung und Erziehung sowie der Jugendpflege und Jugendf\u00fcrsorge, insbesondere:<\/strong><\/p>\n\n\n\n<ul class=\"wp-block-list\">\n<li>F\u00f6rderung kultureller und sportlicher Veranstaltungen \u2022<\/li>\n\n\n\n<li>Unterst\u00fctzung von Wanderfahrten und Schullandheim- aufenthalten der Sch\u00fclerinnen und Sch\u00fcler,<\/li>\n\n\n\n<li>Umsetzung des Sommerfestes und der Adventsfeier,<\/li>\n\n\n\n<li>Beschaffung und Finanzierung von Gegenst\u00e4nden,<\/li>\n\n\n\n<li>die der Schule oder dem Unterricht dienen,<\/li>\n\n\n\n<li>F\u00f6rderung aller sonstigen dem Betrieb und\/oder den Interessen \u2022 der Schule dienenden Ma\u00dfnahmen.<\/li>\n<\/ul>\n\n\n\n<p><\/p>\n\n\n\n<p>Wenn Sie die Arbeit des Freundeskreises und damit die Sch\u00fclerinnen und Sch\u00fcler der Friedrich-Ebert-Schule unterst\u00fctzen m\u00f6chten, so sprechen Sie uns an. Jeder Mitgliedsbeitrag oder auch jede Spende und sei sie noch so klein, kann unseren Sch\u00fclerinnen und Sch\u00fcler helfen.<\/p>\n\n\n\n<p><\/p>\n","protected":false},"excerpt":{"rendered":"<p>Zweck des gemeinn\u00fctzigen Freundeskreises ist die F\u00f6rderung der Bildung und Erziehung sowie der Jugendpflege und Jugendf\u00fcrsorge, insbesondere: Wenn Sie die Arbeit des Freundeskreises und damit die Sch\u00fclerinnen und Sch\u00fcler der Friedrich-Ebert-Schule unterst\u00fctzen m\u00f6chten, so sprechen Sie uns an. Jeder Mitgliedsbeitrag oder auch jede Spende und sei sie noch so klein, kann unseren Sch\u00fclerinnen und Sch\u00fcler [&hellip;]<\/p>\n","protected":false},"author":1,"featured_media":0,"parent":0,"menu_order":0,"comment_status":"closed","ping_status":"closed","template":"","meta":{"footnotes":""},"class_list":["post-2","page","type-page","status-publish","hentry"],"_links":{"self":[{"href":"https:\/\/www.freundeskreis-fes.de\/index.php?rest_route=\/wp\/v2\/pages\/2","targetHints":{"allow":["GET"]}}],"collection":[{"href":"https:\/\/www.freundeskreis-fes.de\/index.php?rest_route=\/wp\/v2\/pages"}],"about":[{"href":"https:\/\/www.freundeskreis-fes.de\/index.php?rest_route=\/wp\/v2\/types\/page"}],"author":[{"embeddable":true,"href":"https:\/\/www.freundeskreis-fes.de\/index.php?rest_route=\/wp\/v2\/users\/1"}],"replies":[{"embeddable":true,"href":"https:\/\/www.freundeskreis-fes.de\/index.php?rest_route=%2Fwp%2Fv2%2Fcomments&post=2"}],"version-history":[{"count":3,"href":"https:\/\/www.freundeskreis-fes.de\/index.php?rest_route=\/wp\/v2\/pages\/2\/revisions"}],"predecessor-version":[{"id":376,"href":"https:\/\/www.freundeskreis-fes.de\/index.php?rest_route=\/wp\/v2\/pages\/2\/revisions\/376"}],"wp:attachment":[{"href":"https:\/\/www.freundeskreis-fes.de\/index.php?rest_route=%2Fwp%2Fv2%2Fmedia&parent=2"}],"curies":[{"name":"wp","href":"https:\/\/api.w.org\/{rel}","templated":true}]}}