{"id":64,"date":"2024-05-19T19:16:53","date_gmt":"2024-05-19T19:16:53","guid":{"rendered":"https:\/\/www.freundeskreis-fes.de\/?page_id=64"},"modified":"2024-08-08T19:05:56","modified_gmt":"2024-08-08T19:05:56","slug":"beitraege-und-spenden","status":"publish","type":"page","link":"https:\/\/www.freundeskreis-fes.de\/?page_id=64","title":{"rendered":"Beitr\u00e4ge und Spenden"},"content":{"rendered":"\t\t<div data-elementor-type=\"wp-page\" data-elementor-id=\"64\" class=\"elementor elementor-64\">\n\t\t\t\t<div class=\"elementor-element elementor-element-55086ede e-flex e-con-boxed e-con e-parent\" data-id=\"55086ede\" data-element_type=\"container\">\n\t\t\t\t\t<div class=\"e-con-inner\">\n\t\t\t\t<div class=\"elementor-element elementor-element-338b0b14 elementor-widget elementor-widget-text-editor\" data-id=\"338b0b14\" data-element_type=\"widget\" data-widget_type=\"text-editor.default\">\n\t\t\t\t<div class=\"elementor-widget-container\">\n\t\t\t\t\t\t\t\t\t<p><\/p>\n<p>Der Mitgliedsbeitrag betr\u00e4gt ab dem Gesch\u00e4ftsjahr 2024 pro Jahr 12 Euro.&nbsp;<span style=\"color: var( --e-global-color-text ); font-family: var( --e-global-typography-text-font-family ), Sans-serif; font-weight: var( --e-global-typography-text-font-weight ); text-align: var(--text-align); font-size: 1rem;\">Nachfolgend k\u00f6nnen Sie die Beitragsordnung lesen.&nbsp;<\/span><span style=\"color: var( --e-global-color-text ); font-family: var( --e-global-typography-text-font-family ), Sans-serif; font-weight: var( --e-global-typography-text-font-weight ); text-align: var(--text-align); font-size: 1rem;\">Das Vereinskonto wird voraussichtlich im Herbst 2024 auf ein neues Konto des Vereins wechseln. Hier\u00fcber wird zu gegebener Zeit hier informiert.<\/span><\/p>\n<p><\/p>\n<p><\/p>\n<p>F\u00fcr <strong>Spenden und Vereinsbeitr\u00e4ge<\/strong> nutzen Sie bitte weiterhin unser Konto bei der <\/p>\n<p><br><\/p>\n<p><\/p>\n<p><\/p>\n<div class=\"wp-block-group is-vertical is-content-justification-center is-layout-flex wp-container-core-group-is-layout-ce155fab wp-block-group-is-layout-flex\">\n<p><\/p>\n<p><strong>Weser Elbe-Sparkasse<\/strong><\/p>\n<p><\/p>\n<p><\/p>\n<p><strong>BIC: BRLADE 21BRS<\/strong><\/p>\n<p><\/p>\n<p><\/p>\n<p><strong>IBAN: DE83 2925 0000 0003 0008 00<\/strong><\/p>\n<p><br><\/p>\n<\/div>\n<p><\/p>\n<p><\/p>\n<p>Die nachfolgende Beitragsordnung wurde am 07.08.<em>2024<\/em> in Bremerhaven von der Mitgliederversammlung beschlossen.<\/p>\n<p><\/p>\n<p><\/p>\n<p><br><strong>\u00a7 1 Grundsatz<\/strong><br>Die Mitgliederversammlung beschlie\u00dft die H\u00f6he von Geb\u00fchren und Beitr\u00e4gen. Der Vorstand setzt die Geb\u00fchren fest. Die Mitgliedsbeitr\u00e4ge und Aufnahmegeb\u00fchren k\u00f6nnen nur durch einfache Mehrheit der Mitgliederversammlung ge\u00e4ndert werden. \u00dcbrige Kosten und Geb\u00fchren, insbesondere Eintrittsgelder oder (Schutz-)geb\u00fchren f\u00fcr Ver\u00f6ffentlichungen, werden durch Beschluss des Vorstandes bestimmt.<\/p>\n<p><\/p>\n<p><\/p>\n<p><strong>\u00a7 2 H\u00f6he der Beitr\u00e4ge<\/strong><br>Der Mitgliedsbeitrag f\u00fcr ordentliche Mitglieder betr\u00e4gt j\u00e4hrlich 12 Euro und f\u00fcr F\u00f6rdermitglieder j\u00e4hrlich 100 Euro.<\/p>\n<p><\/p>\n<p><\/p>\n<p><strong>\u00a7 3 Aufnahmegeb\u00fchr<\/strong><br>Entf\u00e4llt.<\/p>\n<p><\/p>\n<p><\/p>\n<p><strong>\u00a7 4 Erm\u00e4\u00dfigung<\/strong><br>(1) F\u00fcr Personen mit eingeschr\u00e4nkter finanzieller Leistungskraft (z.B. Sch\u00fcler\/innen, Student\/innen, Arbeitslose, Rentner\/innen und Sozialhilfeempf\u00e4nger\/innen) k\u00f6nnen der Mitgliedsbeitrag, Geb\u00fchren oder die Aufnahmegeb\u00fchr auf Antrag erm\u00e4\u00dfigt oder erlassen werden. Die Erm\u00e4\u00dfigung soll jedoch 50 v. H. des regelm\u00e4\u00dfig zu zahlenden Beitrages oder der Geb\u00fchr nicht unterschreiten. F\u00fcr Menschen in einer finanziellen Notlage, f\u00fcr die eine Einforderung der Mitgliedsbeitr\u00e4ge eine besondere H\u00e4rte darstellen w\u00fcrde, gilt dies entsprechend.<br>(2) \u00dcber die Erm\u00e4\u00dfigung oder den Erlass entscheidet der Vorstand auf begr\u00fcndeten schriftlichen Antrag.<\/p>\n<p><\/p>\n<p><\/p>\n<p><strong>\u00a7 5 F\u00e4lligkeit, Zahlungsweise<\/strong><br>(1) Die Beitr\u00e4ge der Mitglieder sind jeweils f\u00fcr das laufende Gesch\u00e4ftsjahr bis sp\u00e4testens 30. April eines Jahres zu zahlen.<br>(2) Die Zahlung des Beitrages erfolgt:<br>         a) per \u00dcberweisung auf das Vereinskonto. Hierbei ist jeweils die Mitgliedsnummer sowie der Vor- und Zuname anzugeben. \u00dcberweisungen auf andere Konten sind nicht zul\u00e4ssig und werden nicht als Zahlungen anerkannt.<br>        b) per Lastschrift.<br>(3) Nach Vereinseintritt sind die Aufnahmegeb\u00fchr und der Mitgliedsbeitrag zu entrichten. Erfolgt die Aufnahme eines Mitglieds nach der F\u00e4lligkeit, sind die Mitgliedsbeitr\u00e4ge f\u00fcr das Gesch\u00e4ftsjahr sofort f\u00e4llig.<\/p>\n<p><\/p>\n<p><\/p>\n<p><strong>\u00a7 6 Vereinskonto<\/strong><br>Inhaber: Freundeskreis der Friedrich-Ebert-Schule e. V. (i. G.)<br>IBAN: BIC:<br>Verwendungszweck: [Mitgliedsnummer] + Vorname Zuname<\/p>\n<p><\/p>\n<p><\/p>\n<p><\/p>\t\t\t\t\t\t\t\t<\/div>\n\t\t\t\t<\/div>\n\t\t\t\t\t<\/div>\n\t\t\t\t<\/div>\n\t\t\t\t<\/div>\n\t\t","protected":false},"excerpt":{"rendered":"<p>Der Mitgliedsbeitrag betr\u00e4gt ab dem Gesch\u00e4ftsjahr 2024 pro Jahr 12 Euro.&nbsp;Nachfolgend k\u00f6nnen Sie die Beitragsordnung lesen.&nbsp;Das Vereinskonto wird voraussichtlich im Herbst 2024 auf ein neues Konto des Vereins wechseln. Hier\u00fcber wird zu gegebener Zeit hier informiert. F\u00fcr Spenden und Vereinsbeitr\u00e4ge nutzen Sie bitte weiterhin unser Konto bei der Weser Elbe-Sparkasse BIC: BRLADE 21BRS IBAN: DE83 [&hellip;]<\/p>\n","protected":false},"author":1,"featured_media":0,"parent":0,"menu_order":0,"comment_status":"closed","ping_status":"closed","template":"","meta":{"footnotes":""},"class_list":["post-64","page","type-page","status-publish","hentry"],"_links":{"self":[{"href":"https:\/\/www.freundeskreis-fes.de\/index.php?rest_route=\/wp\/v2\/pages\/64","targetHints":{"allow":["GET"]}}],"collection":[{"href":"https:\/\/www.freundeskreis-fes.de\/index.php?rest_route=\/wp\/v2\/pages"}],"about":[{"href":"https:\/\/www.freundeskreis-fes.de\/index.php?rest_route=\/wp\/v2\/types\/page"}],"author":[{"embeddable":true,"href":"https:\/\/www.freundeskreis-fes.de\/index.php?rest_route=\/wp\/v2\/users\/1"}],"replies":[{"embeddable":true,"href":"https:\/\/www.freundeskreis-fes.de\/index.php?rest_route=%2Fwp%2Fv2%2Fcomments&post=64"}],"version-history":[{"count":14,"href":"https:\/\/www.freundeskreis-fes.de\/index.php?rest_route=\/wp\/v2\/pages\/64\/revisions"}],"predecessor-version":[{"id":310,"href":"https:\/\/www.freundeskreis-fes.de\/index.php?rest_route=\/wp\/v2\/pages\/64\/revisions\/310"}],"wp:attachment":[{"href":"https:\/\/www.freundeskreis-fes.de\/index.php?rest_route=%2Fwp%2Fv2%2Fmedia&parent=64"}],"curies":[{"name":"wp","href":"https:\/\/api.w.org\/{rel}","templated":true}]}}